{"id":1410,"date":"2020-11-01T12:17:34","date_gmt":"2020-11-01T15:17:34","guid":{"rendered":"https:\/\/www.centrocapta.cl\/?page_id=1410"},"modified":"2023-10-20T12:29:18","modified_gmt":"2023-10-20T15:29:18","slug":"descripcion","status":"publish","type":"page","link":"https:\/\/www.centrocapta.cl\/?page_id=1410","title":{"rendered":"Nosotros"},"content":{"rendered":"<p><img fetchpriority=\"high\" decoding=\"async\" class=\"\" src=\"https:\/\/www.centrocapta.cl\/wp-content\/uploads\/2020\/11\/fcfm.jpg\" sizes=\"(max-width: 800px) 100vw, 800px\" srcset=\"https:\/\/www.centrocapta.cl\/wp-content\/uploads\/2020\/11\/fcfm.jpg 800w, https:\/\/www.centrocapta.cl\/wp-content\/uploads\/2020\/11\/fcfm-300x75.jpg 300w, https:\/\/www.centrocapta.cl\/wp-content\/uploads\/2020\/11\/fcfm-768x192.jpg 768w\" alt=\"\" width=\"1048\" height=\"262\" \/><\/p>\n<h2>Centro Avanzado para Tecnolog\u00edas del Agua CAPTA<\/h2>\n<p><b>CAPTA<\/b> o <b>Centro Avanzado Para las Tecnolog\u00edas del Agua<\/b> es un Consorcio liderado por la <a href=\"https:\/\/uchile.cl\/\" target=\"_blank\" rel=\"noopener\"><b>Universidad de Chile<\/b><\/a> que cuenta con la participaci\u00f3n de la <a href=\"https:\/\/hubambientalupla.cl\/investigacion\/equipo\/investigadores-asociados\/claudio-saez\/\" target=\"_blank\" rel=\"noopener\"><b>Universidad de Playa Ancha<\/b><\/a> y la<a href=\"https:\/\/uda.cl\/\" target=\"_blank\" rel=\"noopener\"><b> Universidad de Atacama<\/b><\/a>.<\/p>\n<p>Para su prop\u00f3sito cuenta con el apoyo de algunas empresas asociadas, tales como: <a href=\"https:\/\/chile.angloamerican.com\/\" target=\"_blank\" rel=\"noopener\"><b>Anglo American<\/b><\/a>\u00a0y <a href=\"https:\/\/www.sacyr.com\/\" target=\"_blank\" rel=\"noopener\"><b>Sacyr<\/b><\/a>.<\/p>\n<p>El Consorcio se vincula de manera virtuosa con universidades, centros de investigaci\u00f3n, empresas y organizaciones pertinentes, para desarrollar, aplicar, transferir y comercializar soluciones tecnolo\u0301gicas en los \u00e1mbitos de gesti\u00f3n, eficiencia y reutilizaci\u00f3n de aguas e innovaci\u00f3n tecnol\u00f3gica para nuevas fuentes h\u00eddricas, que aumenten la productividad, la competitividad y la sustentabilidad de la agricultura, la miner\u00eda, la industria y los servicios sanitarios, en las regiones de Atacama, Valpara\u00edso y Metropolitana de Santiago.<\/p>\n<table>\n<tbody>\n<tr>\n<td width=\"321\"><strong>BENEFICIARIO <\/strong><\/td>\n<td width=\"321\">Universidad de Chile.<\/td>\n<\/tr>\n<tr>\n<td width=\"321\"><strong>COEJECUTOR\/ES<\/strong><\/td>\n<td width=\"321\">Universidad de Playa Ancha.<\/p>\n<p>Universidad de Atacama.<\/td>\n<\/tr>\n<tr>\n<td width=\"321\"><strong>ENTIDAD EXPERTA INTERNACIONAL<\/strong><\/td>\n<td width=\"321\">Centre for Hydrology, University of Saskatchewan.<\/p>\n<p>ReNUWIt.<\/p>\n<p>Eurecat, Centro Tecnol\u00f3gico de Catalu\u00f1a.<\/p>\n<p>Universidad de Alicante.<\/p>\n<p>Universidad de Almer\u00eda.<\/td>\n<\/tr>\n<tr>\n<td width=\"321\"><strong>ASOCIADOS<\/strong><\/td>\n<td width=\"321\">AngloAmerican.Sacyr S.A.<\/td>\n<\/tr>\n<tr>\n<td width=\"321\"><strong>FINANCIAMIENTO:<\/strong><\/td>\n<td width=\"321\"><a href=\"https:\/\/www.corfo.cl\/sites\/cpp\/homecorfo\" target=\"_blank\" rel=\"noopener\">CORFO<\/a>: PROGRAMA DE CONSORCIOS TECNOL\u00d3GICOS PARA LA INNOVACI\u00d3N.<\/td>\n<\/tr>\n<\/tbody>\n<\/table>\n","protected":false},"excerpt":{"rendered":"<p>Centro Avanzado para Tecnolog\u00edas del Agua CAPTA CAPTA o Centro Avanzado Para las Tecnolog\u00edas del Agua es un Consorcio liderado por la Universidad de Chile que cuenta con la participaci\u00f3n de la Universidad de Playa Ancha y la Universidad de Atacama. Para su prop\u00f3sito cuenta con el apoyo de algunas empresas asociadas, tales como: Anglo [&hellip;]<\/p>\n","protected":false},"author":1,"featured_media":0,"parent":0,"menu_order":0,"comment_status":"closed","ping_status":"closed","template":"","meta":{"footnotes":""},"class_list":["post-1410","page","type-page","status-publish","hentry"],"_links":{"self":[{"href":"https:\/\/www.centrocapta.cl\/index.php?rest_route=\/wp\/v2\/pages\/1410","targetHints":{"allow":["GET"]}}],"collection":[{"href":"https:\/\/www.centrocapta.cl\/index.php?rest_route=\/wp\/v2\/pages"}],"about":[{"href":"https:\/\/www.centrocapta.cl\/index.php?rest_route=\/wp\/v2\/types\/page"}],"author":[{"embeddable":true,"href":"https:\/\/www.centrocapta.cl\/index.php?rest_route=\/wp\/v2\/users\/1"}],"replies":[{"embeddable":true,"href":"https:\/\/www.centrocapta.cl\/index.php?rest_route=%2Fwp%2Fv2%2Fcomments&post=1410"}],"version-history":[{"count":22,"href":"https:\/\/www.centrocapta.cl\/index.php?rest_route=\/wp\/v2\/pages\/1410\/revisions"}],"predecessor-version":[{"id":2988,"href":"https:\/\/www.centrocapta.cl\/index.php?rest_route=\/wp\/v2\/pages\/1410\/revisions\/2988"}],"wp:attachment":[{"href":"https:\/\/www.centrocapta.cl\/index.php?rest_route=%2Fwp%2Fv2%2Fmedia&parent=1410"}],"curies":[{"name":"wp","href":"https:\/\/api.w.org\/{rel}","templated":true}]}}