{"id":1029,"date":"2020-10-09T22:40:26","date_gmt":"2020-10-10T01:40:26","guid":{"rendered":"https:\/\/www.centrocapta.cl\/?page_id=1029"},"modified":"2024-09-12T19:11:55","modified_gmt":"2024-09-12T22:11:55","slug":"proyectos","status":"publish","type":"page","link":"https:\/\/www.centrocapta.cl\/?page_id=1029","title":{"rendered":"Proyectos"},"content":{"rendered":"\t\t<div data-elementor-type=\"wp-page\" data-elementor-id=\"1029\" class=\"elementor elementor-1029\">\n\t\t\t\t\t\t<section class=\"elementor-section elementor-top-section elementor-element elementor-element-2704812 elementor-section-boxed elementor-section-height-default elementor-section-height-default\" data-id=\"2704812\" data-element_type=\"section\" data-e-type=\"section\">\n\t\t\t\t\t\t<div class=\"elementor-container elementor-column-gap-default\">\n\t\t\t\t\t<div class=\"elementor-column elementor-col-100 elementor-top-column elementor-element elementor-element-55b3bc7\" data-id=\"55b3bc7\" data-element_type=\"column\" data-e-type=\"column\">\n\t\t\t<div class=\"elementor-widget-wrap elementor-element-populated\">\n\t\t\t\t\t\t<div class=\"elementor-element elementor-element-03b98ed elementor-position-left elementor-vertical-align-top elementor-widget elementor-widget-image-box\" data-id=\"03b98ed\" data-element_type=\"widget\" data-e-type=\"widget\" data-widget_type=\"image-box.default\">\n\t\t\t\t<div class=\"elementor-widget-container\">\n\t\t\t\t\t<div class=\"elementor-image-box-wrapper\"><figure class=\"elementor-image-box-img\"><a href=\"https:\/\/www.centrocapta.cl\/?p=2641\" tabindex=\"-1\"><img decoding=\"async\" src=\"https:\/\/www.centrocapta.cl\/wp-content\/uploads\/2020\/12\/PROYECTO-2-220x150.jpg\" title=\"PROYECTO 2\" alt=\"PROYECTO 2\" loading=\"lazy\" \/><\/a><\/figure><div class=\"elementor-image-box-content\"><h3 class=\"elementor-image-box-title\"><a href=\"https:\/\/www.centrocapta.cl\/?p=2641\">Riesgo de p\u00e9rdida en redes de agua potable, RIPRA -Ver m\u00e1s-<\/a><\/h3><p class=\"elementor-image-box-description\">Debido a los efectos del cambio clim\u00e1tico comprendemos la importancia de nuestros recursos h\u00eddricos, por ello estamos desarrollando un sistema que permite analizar el riesgo de p\u00e9rdidas de agua potable y resiliencia del sistema, debido a amenazas naturales o al deterioro de los elementos. \n\nEsta tecnolog\u00eda permitir\u00e1 apoyar la toma de decisiones para la reducci\u00f3n de p\u00e9rdidas y el mejoramiento de la eficiencia del sistema de agua potable. <b>(Proyecto apoyado y financiado por CORFO)<\/b><\/p><\/div><\/div>\t\t\t\t<\/div>\n\t\t\t\t<\/div>\n\t\t\t\t\t<\/div>\n\t\t<\/div>\n\t\t\t\t\t<\/div>\n\t\t<\/section>\n\t\t\t\t<section class=\"elementor-section elementor-top-section elementor-element elementor-element-9b82cdb elementor-section-boxed elementor-section-height-default elementor-section-height-default\" data-id=\"9b82cdb\" data-element_type=\"section\" data-e-type=\"section\">\n\t\t\t\t\t\t<div class=\"elementor-container elementor-column-gap-default\">\n\t\t\t\t\t<div class=\"elementor-column elementor-col-100 elementor-top-column elementor-element elementor-element-8bf641b\" data-id=\"8bf641b\" data-element_type=\"column\" data-e-type=\"column\">\n\t\t\t<div class=\"elementor-widget-wrap\">\n\t\t\t\t\t\t\t<\/div>\n\t\t<\/div>\n\t\t\t\t\t<\/div>\n\t\t<\/section>\n\t\t\t\t<section class=\"elementor-section elementor-top-section elementor-element elementor-element-c998eea elementor-section-boxed elementor-section-height-default elementor-section-height-default\" data-id=\"c998eea\" data-element_type=\"section\" data-e-type=\"section\">\n\t\t\t\t\t\t<div class=\"elementor-container elementor-column-gap-default\">\n\t\t\t\t\t<div class=\"elementor-column elementor-col-100 elementor-top-column elementor-element elementor-element-26a8d07\" data-id=\"26a8d07\" data-element_type=\"column\" data-e-type=\"column\">\n\t\t\t<div class=\"elementor-widget-wrap elementor-element-populated\">\n\t\t\t\t\t\t<div class=\"elementor-element elementor-element-e4a5305 elementor-position-left elementor-vertical-align-top elementor-widget elementor-widget-image-box\" data-id=\"e4a5305\" data-element_type=\"widget\" data-e-type=\"widget\" data-widget_type=\"image-box.default\">\n\t\t\t\t<div class=\"elementor-widget-container\">\n\t\t\t\t\t<div class=\"elementor-image-box-wrapper\"><figure class=\"elementor-image-box-img\"><a href=\"https:\/\/www.centrocapta.cl\/?p=2653\" tabindex=\"-1\"><img decoding=\"async\" src=\"https:\/\/www.centrocapta.cl\/wp-content\/uploads\/2023\/05\/Proyecto2web-220x150.jpeg\" title=\"Proyecto2web\" alt=\"Proyecto2web\" loading=\"lazy\" \/><\/a><\/figure><div class=\"elementor-image-box-content\"><h3 class=\"elementor-image-box-title\"><a href=\"https:\/\/www.centrocapta.cl\/?p=2653\">Implementaci\u00f3n de A2 MBRs para tratamiento avanzado de efluentes -Ver m\u00e1s-<\/a><\/h3><p class=\"elementor-image-box-description\">En Chile, la apuesta de la industria es impulsar las inversiones que puedan enfrentar los nuevos escenarios clim\u00e1ticos, pero tambi\u00e9n en desarrollar servicios sostenibles.\n\nComo CAPTA, trabajamos en implementar un tratamiento avanzado de aguas residuales que permita el re\u00faso flexible del agua (tailored reuse) en aplicaciones como recarga artificial de acu\u00edferos, riegos de cultivo, miner\u00eda y uso potable. <b>(Proyecto apoyado y financiado por CORFO)<\/b>\n\n<\/p><\/div><\/div>\t\t\t\t<\/div>\n\t\t\t\t<\/div>\n\t\t\t\t<div class=\"elementor-element elementor-element-82000ee elementor-position-left elementor-vertical-align-top elementor-widget elementor-widget-image-box\" data-id=\"82000ee\" data-element_type=\"widget\" data-e-type=\"widget\" data-widget_type=\"image-box.default\">\n\t\t\t\t<div class=\"elementor-widget-container\">\n\t\t\t\t\t<div class=\"elementor-image-box-wrapper\"><figure class=\"elementor-image-box-img\"><a href=\"https:\/\/www.centrocapta.cl\/?p=2672\" tabindex=\"-1\"><img decoding=\"async\" src=\"https:\/\/www.centrocapta.cl\/wp-content\/uploads\/2020\/12\/NUEVA-PROYECTO-5-220x150.jpeg\" title=\"NUEVA PROYECTO 5\" alt=\"NUEVA PROYECTO 5\" loading=\"lazy\" \/><\/a><\/figure><div class=\"elementor-image-box-content\"><h3 class=\"elementor-image-box-title\"><a href=\"https:\/\/www.centrocapta.cl\/?p=2672\">Tecnolog\u00edas remotas y de campo para el aumento de oferta h\u00eddrica desde fuentes superficiales y subterr\u00e1neas: acumulaci\u00f3n nival y la recarga artificial de acu\u00edferos. -Ver m\u00e1s-<\/a><\/h3><p class=\"elementor-image-box-description\">La macro-zona centro-norte de Chile se ha caracterizado por largos per\u00edodos de sequ\u00eda a lo largo del registro hist\u00f3rico.\n\nPor ello, CAPTA, busca desarrollar e implementar tecnolog\u00edas y herramientas que ayuden a identificar zonas estrat\u00e9gicas para la sobreacumulaci\u00f3n de nieve e infiltraci\u00f3n de acu\u00edferos, que permitan tener un suministro adicional de agua fresca. <b>(Proyecto apoyado y Financiado por Corfo)<\/b><\/p><\/div><\/div>\t\t\t\t<\/div>\n\t\t\t\t<\/div>\n\t\t\t\t\t<\/div>\n\t\t<\/div>\n\t\t\t\t\t<\/div>\n\t\t<\/section>\n\t\t\t\t<section class=\"elementor-section elementor-top-section elementor-element elementor-element-5e81dff elementor-section-boxed elementor-section-height-default elementor-section-height-default\" data-id=\"5e81dff\" data-element_type=\"section\" data-e-type=\"section\">\n\t\t\t\t\t\t<div class=\"elementor-container elementor-column-gap-default\">\n\t\t\t\t\t<div class=\"elementor-column elementor-col-100 elementor-top-column elementor-element elementor-element-083827d\" data-id=\"083827d\" data-element_type=\"column\" data-e-type=\"column\">\n\t\t\t<div class=\"elementor-widget-wrap elementor-element-populated\">\n\t\t\t\t\t\t<div class=\"elementor-element elementor-element-9d30605 elementor-position-left elementor-vertical-align-top elementor-widget elementor-widget-image-box\" data-id=\"9d30605\" data-element_type=\"widget\" data-e-type=\"widget\" data-widget_type=\"image-box.default\">\n\t\t\t\t<div class=\"elementor-widget-container\">\n\t\t\t\t\t<div class=\"elementor-image-box-wrapper\"><figure class=\"elementor-image-box-img\"><a href=\"https:\/\/www.centrocapta.cl\/?p=2680\" tabindex=\"-1\"><img decoding=\"async\" src=\"https:\/\/www.centrocapta.cl\/wp-content\/uploads\/2022\/10\/IMG_1914-220x150.jpg\" title=\"IMG_1914\" alt=\"IMG_1914\" loading=\"lazy\" \/><\/a><\/figure><div class=\"elementor-image-box-content\"><h3 class=\"elementor-image-box-title\"><a href=\"https:\/\/www.centrocapta.cl\/?p=2680\">Agua en Rocas fracturadas: Sistematizaci\u00f3n para la explotaci\u00f3n en Chile. -Ver m\u00e1s- <\/a><\/h3><p class=\"elementor-image-box-description\">Debido a la gran demanda del agua y crecimiento del pa\u00eds es necesario asegurar, encontrar y gestionar otras fuentes h\u00eddricas como lo son las aguas subterr\u00e1neas.<br>\nEn Chile existe muchas zonas costeras y cordilleranas donde el agua se distribuye y circula en el subsuelo rocoso y fracturado, llegando a formar&nbsp;acu\u00edferos&nbsp;que podr\u00edan ser una&nbsp;fuente de agua adicional&nbsp;con la que no hemos contado hasta el&nbsp;momento.\nAlternativa, que podr\u00eda albergar una&nbsp;reserva de agua subterr\u00e1nea de gran importancia.<br><b>(Proyecto apoyado y financiado por Corfo)<\/b>\n<\/p><\/div><\/div>\t\t\t\t<\/div>\n\t\t\t\t<\/div>\n\t\t\t\t\t<\/div>\n\t\t<\/div>\n\t\t\t\t\t<\/div>\n\t\t<\/section>\n\t\t\t\t<section class=\"elementor-section elementor-top-section elementor-element elementor-element-2a3d94c elementor-section-boxed elementor-section-height-default elementor-section-height-default\" data-id=\"2a3d94c\" data-element_type=\"section\" data-e-type=\"section\">\n\t\t\t\t\t\t<div class=\"elementor-container elementor-column-gap-default\">\n\t\t\t\t\t<div class=\"elementor-column elementor-col-100 elementor-top-column elementor-element elementor-element-c98d792\" data-id=\"c98d792\" data-element_type=\"column\" data-e-type=\"column\">\n\t\t\t<div class=\"elementor-widget-wrap elementor-element-populated\">\n\t\t\t\t\t\t<div class=\"elementor-element elementor-element-28f3721 elementor-position-left elementor-vertical-align-top elementor-widget elementor-widget-image-box\" data-id=\"28f3721\" data-element_type=\"widget\" data-e-type=\"widget\" data-widget_type=\"image-box.default\">\n\t\t\t\t<div class=\"elementor-widget-container\">\n\t\t\t\t\t<div class=\"elementor-image-box-wrapper\"><figure class=\"elementor-image-box-img\"><a href=\"https:\/\/www.centrocapta.cl\/?p=2686\" tabindex=\"-1\"><img decoding=\"async\" src=\"https:\/\/www.centrocapta.cl\/wp-content\/uploads\/2020\/11\/proyecto-4-220x150.jpg\" title=\"proyecto 4\" alt=\"proyecto 4\" loading=\"lazy\" \/><\/a><\/figure><div class=\"elementor-image-box-content\"><h3 class=\"elementor-image-box-title\"><a href=\"https:\/\/www.centrocapta.cl\/?p=2686\">Soluciones tecnol\u00f3gicas para la instalaci\u00f3n y operaci\u00f3n sostenible de plantas desaladoras. -Ver m\u00e1s-<\/a><\/h3><p class=\"elementor-image-box-description\">Los oc\u00e9anos representan el 97% del agua de todo el planeta, pero lamentablemente, no es potable. Como consecuencia, existen 700 millones de personas en el mundo, entre ellas, 350 mil chilenos, quienes no tienen acceso al agua potable.<\/br>\n\nPor lo tanto, es fundamental implementar el desarrollo de tecnolog\u00edas que permitan incorporar a la industria nuevas fuentes h\u00eddricas como los acu\u00edferos de agua salada para complementar la matriz con un enfoque de consumo para uso humano y agr\u00edcola. \n<\/p><\/div><\/div>\t\t\t\t<\/div>\n\t\t\t\t<\/div>\n\t\t\t\t\t<\/div>\n\t\t<\/div>\n\t\t\t\t\t<\/div>\n\t\t<\/section>\n\t\t\t\t<section class=\"elementor-section elementor-top-section elementor-element elementor-element-dc1de32 elementor-section-boxed elementor-section-height-default elementor-section-height-default\" data-id=\"dc1de32\" data-element_type=\"section\" data-e-type=\"section\">\n\t\t\t\t\t\t<div class=\"elementor-container elementor-column-gap-default\">\n\t\t\t\t\t<div class=\"elementor-column elementor-col-100 elementor-top-column elementor-element elementor-element-5ddc74c\" data-id=\"5ddc74c\" data-element_type=\"column\" data-e-type=\"column\">\n\t\t\t<div class=\"elementor-widget-wrap elementor-element-populated\">\n\t\t\t\t\t\t<div class=\"elementor-element elementor-element-8716c1d elementor-position-left elementor-vertical-align-top elementor-widget elementor-widget-image-box\" data-id=\"8716c1d\" data-element_type=\"widget\" data-e-type=\"widget\" data-widget_type=\"image-box.default\">\n\t\t\t\t<div class=\"elementor-widget-container\">\n\t\t\t\t\t<div class=\"elementor-image-box-wrapper\"><figure class=\"elementor-image-box-img\"><a href=\"https:\/\/www.centrocapta.cl\/?p=2702\" tabindex=\"-1\"><img decoding=\"async\" src=\"https:\/\/www.centrocapta.cl\/wp-content\/uploads\/2020\/11\/Proyecto-6-220x150.jpg\" title=\"Proyecto 6\" alt=\"Proyecto 6\" loading=\"lazy\" \/><\/a><\/figure><div class=\"elementor-image-box-content\"><h3 class=\"elementor-image-box-title\"><a href=\"https:\/\/www.centrocapta.cl\/?p=2702\">Sensorizaci\u00f3n Remota, Monitoreo y Control de Acu\u00edferos. -Ver m\u00e1s-<\/a><\/h3><p class=\"elementor-image-box-description\">En la b\u00fasqueda de nuevas fuentes h\u00eddricas encontrar y monitorear acu\u00edferos puede ser un completo desaf\u00edo si estos se encuentran en lugares de poco acceso.\n\u00a0\nSin embargo, CAPTA trabaja en una alternativa de monitoreo remoto con tecnolog\u00eda satelital para poder vigilar y analizar la extracci\u00f3n de agua en acu\u00edferos. \n\n<\/p><\/div><\/div>\t\t\t\t<\/div>\n\t\t\t\t<\/div>\n\t\t\t\t\t<\/div>\n\t\t<\/div>\n\t\t\t\t\t<\/div>\n\t\t<\/section>\n\t\t\t\t<section class=\"elementor-section elementor-top-section elementor-element elementor-element-88ed02f elementor-section-boxed elementor-section-height-default elementor-section-height-default\" data-id=\"88ed02f\" data-element_type=\"section\" data-e-type=\"section\">\n\t\t\t\t\t\t<div class=\"elementor-container elementor-column-gap-default\">\n\t\t\t\t\t<div class=\"elementor-column elementor-col-100 elementor-top-column elementor-element elementor-element-8a01b2c\" data-id=\"8a01b2c\" data-element_type=\"column\" data-e-type=\"column\">\n\t\t\t<div class=\"elementor-widget-wrap elementor-element-populated\">\n\t\t\t\t\t\t<div class=\"elementor-element elementor-element-9d836eb elementor-position-left elementor-vertical-align-top elementor-widget elementor-widget-image-box\" data-id=\"9d836eb\" data-element_type=\"widget\" data-e-type=\"widget\" data-widget_type=\"image-box.default\">\n\t\t\t\t<div class=\"elementor-widget-container\">\n\t\t\t\t\t<div class=\"elementor-image-box-wrapper\"><figure class=\"elementor-image-box-img\"><a href=\"https:\/\/www.centrocapta.cl\/?p=2696\" tabindex=\"-1\"><img decoding=\"async\" src=\"https:\/\/www.centrocapta.cl\/wp-content\/uploads\/2020\/11\/cultivosatelite-220x150.png\" title=\"cultivosatelite\" alt=\"cultivosatelite\" loading=\"lazy\" \/><\/a><\/figure><div class=\"elementor-image-box-content\"><h3 class=\"elementor-image-box-title\"><a href=\"https:\/\/www.centrocapta.cl\/?p=2696\">Pron\u00f3stico del balance entre oferta y demanda h\u00eddrica para el sector agr\u00edcola, basado en la combinaci\u00f3n \u00f3ptima de im\u00e1genes satelitales y sistemas de medici\u00f3n in situ. -Ver m\u00e1s-<\/a><\/h3><p class=\"elementor-image-box-description\">Para determinar el balance entre la oferta y demanda de agua en la actividad agr\u00edcola es necesario\nrealizar una gesti\u00f3n sustentable del recurso h\u00eddrico, que permita tomar decisiones de manera oportuna.\n\nPor ello,  CAPTA trabaja en determinar el pron\u00f3stico de caudales en el corto plazo, a trav\u00e9s de informaci\u00f3n satelital y modelaci\u00f3n hidrol\u00f3gica; y en la determinaci\u00f3n de la Evapotranspiraci\u00f3n de cultivos con informaci\u00f3n satelital y de estaciones meteorol\u00f3gicas.\n<\/p><\/div><\/div>\t\t\t\t<\/div>\n\t\t\t\t<\/div>\n\t\t\t\t\t<\/div>\n\t\t<\/div>\n\t\t\t\t\t<\/div>\n\t\t<\/section>\n\t\t\t\t<section class=\"elementor-section elementor-top-section elementor-element elementor-element-b4cc133 elementor-section-boxed elementor-section-height-default elementor-section-height-default\" data-id=\"b4cc133\" data-element_type=\"section\" data-e-type=\"section\">\n\t\t\t\t\t\t<div class=\"elementor-container elementor-column-gap-default\">\n\t\t\t\t\t<div class=\"elementor-column elementor-col-100 elementor-top-column elementor-element elementor-element-8f663e0\" data-id=\"8f663e0\" data-element_type=\"column\" data-e-type=\"column\">\n\t\t\t<div class=\"elementor-widget-wrap elementor-element-populated\">\n\t\t\t\t\t\t<div class=\"elementor-element elementor-element-7c848d8 elementor-position-left elementor-vertical-align-top elementor-widget elementor-widget-image-box\" data-id=\"7c848d8\" data-element_type=\"widget\" data-e-type=\"widget\" data-widget_type=\"image-box.default\">\n\t\t\t\t<div class=\"elementor-widget-container\">\n\t\t\t\t\t<div class=\"elementor-image-box-wrapper\"><figure class=\"elementor-image-box-img\"><a href=\"https:\/\/www.centrocapta.cl\/?p=2708\" tabindex=\"-1\"><img decoding=\"async\" src=\"https:\/\/www.centrocapta.cl\/wp-content\/uploads\/2020\/12\/8proyecto-foto-220x150.jpg\" title=\"8proyecto foto\" alt=\"8proyecto foto\" loading=\"lazy\" \/><\/a><\/figure><div class=\"elementor-image-box-content\"><h3 class=\"elementor-image-box-title\"><a href=\"https:\/\/www.centrocapta.cl\/?p=2708\">Implementaci\u00f3n de tecnolog\u00edas verdes como humedales construidos y bio-filtros para el control de la contaminaci\u00f3n, crecidas y recarga artificial de acu\u00edferos. -Ver m\u00e1s- <\/a><\/h3><p class=\"elementor-image-box-description\">Las aguas lluvias pueden ser una fuente de agua mientras sean manejadas y tratadas adecuadamente. <\/br>\nLos humedales construidos y los biofiltros son tecnolog\u00edas verdes que permiten tratar y manejar las aguas lluvias. Este proyecto apunta a implementar estas tecnolog\u00edas de manera de contar con agua\nde mejor calidad que pueda ser reusada o infiltrada para recargar acu\u00edferos.\n\n<\/p><\/div><\/div>\t\t\t\t<\/div>\n\t\t\t\t<\/div>\n\t\t\t\t\t<\/div>\n\t\t<\/div>\n\t\t\t\t\t<\/div>\n\t\t<\/section>\n\t\t\t\t<\/div>\n\t\t","protected":false},"excerpt":{"rendered":"<p>Riesgo de p\u00e9rdida en redes de agua potable, RIPRA -Ver m\u00e1s- Debido a los efectos del cambio clim\u00e1tico comprendemos la importancia de nuestros recursos h\u00eddricos, por ello estamos desarrollando un sistema que permite analizar el riesgo de p\u00e9rdidas de agua potable y resiliencia del sistema, debido a amenazas naturales o al deterioro de los elementos. [&hellip;]<\/p>\n","protected":false},"author":1,"featured_media":0,"parent":0,"menu_order":0,"comment_status":"closed","ping_status":"closed","template":"","meta":{"footnotes":""},"class_list":["post-1029","page","type-page","status-publish","hentry"],"_links":{"self":[{"href":"https:\/\/www.centrocapta.cl\/index.php?rest_route=\/wp\/v2\/pages\/1029","targetHints":{"allow":["GET"]}}],"collection":[{"href":"https:\/\/www.centrocapta.cl\/index.php?rest_route=\/wp\/v2\/pages"}],"about":[{"href":"https:\/\/www.centrocapta.cl\/index.php?rest_route=\/wp\/v2\/types\/page"}],"author":[{"embeddable":true,"href":"https:\/\/www.centrocapta.cl\/index.php?rest_route=\/wp\/v2\/users\/1"}],"replies":[{"embeddable":true,"href":"https:\/\/www.centrocapta.cl\/index.php?rest_route=%2Fwp%2Fv2%2Fcomments&post=1029"}],"version-history":[{"count":91,"href":"https:\/\/www.centrocapta.cl\/index.php?rest_route=\/wp\/v2\/pages\/1029\/revisions"}],"predecessor-version":[{"id":3233,"href":"https:\/\/www.centrocapta.cl\/index.php?rest_route=\/wp\/v2\/pages\/1029\/revisions\/3233"}],"wp:attachment":[{"href":"https:\/\/www.centrocapta.cl\/index.php?rest_route=%2Fwp%2Fv2%2Fmedia&parent=1029"}],"curies":[{"name":"wp","href":"https:\/\/api.w.org\/{rel}","templated":true}]}}